{"id":12,"date":"2021-06-04T12:57:51","date_gmt":"2021-06-04T12:57:51","guid":{"rendered":"https:\/\/smiltececkauskaite.com\/?page_id=12"},"modified":"2021-07-16T13:11:35","modified_gmt":"2021-07-16T13:11:35","slug":"contact","status":"publish","type":"page","link":"https:\/\/smiltececkauskaite.com\/","title":{"rendered":"Home"},"content":{"rendered":"\n<p> <\/p>\n\n\n\n<p class=\"has-text-align-center\" style=\"font-size:70px\">Smilt\u0117 \u010ce\u010dkauskait\u0117 <\/p>\n\n\n\n<p><\/p>\n\n\n\n<p class=\"has-text-align-center has-large-font-size\">Sound recordist<\/p>\n\n\n\n<p class=\"has-text-align-center has-large-font-size\">Sound assistant<\/p>\n\n\n\n<p class=\"has-text-align-center has-large-font-size\">Sound editor\/designer<\/p>\n\n\n\n<p class=\"has-text-align-center has-large-font-size\"> Boom operator<\/p>\n\n\n\n<p class=\"has-text-align-center has-large-font-size\"> Director<\/p>\n","protected":false},"excerpt":{"rendered":"<p>Smilt\u0117 \u010ce\u010dkauskait\u0117 Sound recordist Sound assistant Sound editor\/designer Boom operator Director<\/p>\n","protected":false},"author":1,"featured_media":0,"parent":0,"menu_order":0,"comment_status":"closed","ping_status":"closed","template":"","meta":{"om_disable_all_campaigns":false,"footnotes":""},"class_list":["post-12","page","type-page","status-publish","hentry","entry"],"aioseo_notices":[],"_links":{"self":[{"href":"https:\/\/smiltececkauskaite.com\/index.php\/wp-json\/wp\/v2\/pages\/12","targetHints":{"allow":["GET"]}}],"collection":[{"href":"https:\/\/smiltececkauskaite.com\/index.php\/wp-json\/wp\/v2\/pages"}],"about":[{"href":"https:\/\/smiltececkauskaite.com\/index.php\/wp-json\/wp\/v2\/types\/page"}],"author":[{"embeddable":true,"href":"https:\/\/smiltececkauskaite.com\/index.php\/wp-json\/wp\/v2\/users\/1"}],"replies":[{"embeddable":true,"href":"https:\/\/smiltececkauskaite.com\/index.php\/wp-json\/wp\/v2\/comments?post=12"}],"version-history":[{"count":12,"href":"https:\/\/smiltececkauskaite.com\/index.php\/wp-json\/wp\/v2\/pages\/12\/revisions"}],"predecessor-version":[{"id":103,"href":"https:\/\/smiltececkauskaite.com\/index.php\/wp-json\/wp\/v2\/pages\/12\/revisions\/103"}],"wp:attachment":[{"href":"https:\/\/smiltececkauskaite.com\/index.php\/wp-json\/wp\/v2\/media?parent=12"}],"curies":[{"name":"wp","href":"https:\/\/api.w.org\/{rel}","templated":true}]}}